{"id":3659,"date":"2024-08-28T07:45:23","date_gmt":"2024-08-28T05:45:23","guid":{"rendered":"https:\/\/bigplantscience.com\/product\/stora-blommor\/"},"modified":"2024-08-28T07:45:23","modified_gmt":"2024-08-28T05:45:23","slug":"stora-blommor","status":"publish","type":"product","link":"https:\/\/bigplantscience.com\/sv\/product\/stora-blommor\/","title":{"rendered":"STORA BLOMMOR"},"content":{"rendered":"<p>Vill du ha blommor som inte bara ser bra ut, utan som verkligen imponerar? M\u00f6t BIG FLOWERS &#8211; ditt hemliga recept f\u00f6r blommor som \u00e4r b\u00e5de st\u00f6rre och tuffare \u00e4n n\u00e5gonsin tidigare. Den h\u00e4r PK-boostern \u00e4r inte bara ytterligare ett tillskott till din v\u00e4xtv\u00e5rd; den \u00e4r fullpackad med kraftfulla n\u00e4rings\u00e4mnen och kolhydrater som ger dina blommor allt de beh\u00f6ver f\u00f6r att blomma med kraft. BIG FLOWERS ser till att dina v\u00e4xter f\u00e5r den perfekta balansen mellan fosfor och kalium, samtidigt som kolhydraterna ger dem en energiboost. Och resultatet? En explosion av st\u00f6rre, tyngre och mer robusta blommor som kommer att stj\u00e4la showen varje g\u00e5ng. Om du vill ha blommor som g\u00f6r intryck \u00e4r BIG FLOWERS din nya b\u00e4sta v\u00e4n.      <\/p>\n","protected":false},"excerpt":{"rendered":"<p>STORA BLOMMOR &#8211; PK-booster med kolhydrater f\u00f6r att ge dina blommor extra styrka och storlek. F\u00f6r st\u00f6rre, tuffare och mer imponerande blommor. <\/p>\n","protected":false},"featured_media":0,"comment_status":"open","ping_status":"closed","template":"","meta":[],"product_brand":[],"product_cat":[76],"product_tag":[],"class_list":{"0":"post-3659","1":"product","2":"type-product","3":"status-publish","5":"product_cat-okategoriserade","7":"first","8":"instock","9":"taxable","10":"shipping-taxable","11":"purchasable","12":"product-type-variable","13":"has-default-attributes"},"yoast_head":"<!-- This site is optimized with the Yoast SEO plugin v27.6 - https:\/\/yoast.com\/product\/yoast-seo-wordpress\/ -->\n<title>STORA BLOMMOR - BIG PLANT SCIENCE<\/title>\n<meta name=\"description\" content=\"Ge dina blommor en boost med BIG FLOWERS! En kraftfull PK-booster med kolhydrater som g\u00f6r dina blommor st\u00f6rre och tuffare.\" \/>\n<meta name=\"robots\" content=\"index, follow, max-snippet:-1, max-image-preview:large, max-video-preview:-1\" \/>\n<link rel=\"canonical\" href=\"https:\/\/bigplantscience.com\/sv\/product\/stora-blommor\/\" \/>\n<meta property=\"og:locale\" content=\"sv_SE\" \/>\n<meta property=\"og:type\" content=\"article\" \/>\n<meta property=\"og:title\" content=\"STORA BLOMMOR - BIG PLANT SCIENCE\" \/>\n<meta property=\"og:description\" content=\"Ge dina blommor en boost med BIG FLOWERS! En kraftfull PK-booster med kolhydrater som g\u00f6r dina blommor st\u00f6rre och tuffare.\" \/>\n<meta property=\"og:url\" content=\"https:\/\/bigplantscience.com\/sv\/product\/stora-blommor\/\" \/>\n<meta property=\"og:site_name\" content=\"BIG PLANT SCIENCE\" \/>\n<meta property=\"article:publisher\" content=\"https:\/\/www.facebook.com\/BiGPlantScience\/\" \/>\n<meta property=\"og:image\" content=\"https:\/\/bigplantscience.com\/wp-content\/uploads\/2024\/08\/1L-BIG-Flowers-front-label-1.png\" \/>\n\t<meta property=\"og:image:width\" content=\"600\" \/>\n\t<meta property=\"og:image:height\" content=\"822\" \/>\n\t<meta property=\"og:image:type\" content=\"image\/png\" \/>\n<meta name=\"twitter:card\" content=\"summary_large_image\" \/>\n<meta name=\"twitter:label1\" content=\"Ber\u00e4knad l\u00e4stid\" \/>\n\t<meta name=\"twitter:data1\" content=\"1 minut\" \/>\n<script type=\"application\/ld+json\" class=\"yoast-schema-graph\">{\"@context\":\"https:\\\/\\\/schema.org\",\"@graph\":[{\"@type\":\"WebPage\",\"@id\":\"https:\\\/\\\/bigplantscience.com\\\/sv\\\/product\\\/stora-blommor\\\/\",\"url\":\"https:\\\/\\\/bigplantscience.com\\\/sv\\\/product\\\/stora-blommor\\\/\",\"name\":\"STORA BLOMMOR - BIG PLANT SCIENCE\",\"isPartOf\":{\"@id\":\"https:\\\/\\\/bigplantscience.com\\\/sv\\\/#website\"},\"datePublished\":\"2024-08-28T05:45:23+00:00\",\"description\":\"Ge dina blommor en boost med BIG FLOWERS! En kraftfull PK-booster med kolhydrater som g\u00f6r dina blommor st\u00f6rre och tuffare.\",\"breadcrumb\":{\"@id\":\"https:\\\/\\\/bigplantscience.com\\\/sv\\\/product\\\/stora-blommor\\\/#breadcrumb\"},\"inLanguage\":\"sv-SE\",\"potentialAction\":[{\"@type\":\"ReadAction\",\"target\":[\"https:\\\/\\\/bigplantscience.com\\\/sv\\\/product\\\/stora-blommor\\\/\"]}]},{\"@type\":\"BreadcrumbList\",\"@id\":\"https:\\\/\\\/bigplantscience.com\\\/sv\\\/product\\\/stora-blommor\\\/#breadcrumb\",\"itemListElement\":[{\"@type\":\"ListItem\",\"position\":1,\"name\":\"Home\",\"item\":\"https:\\\/\\\/bigplantscience.com\\\/sv\\\/hemsida\\\/\"},{\"@type\":\"ListItem\",\"position\":2,\"name\":\"Shop\",\"item\":\"https:\\\/\\\/bigplantscience.com\\\/shop\\\/\"},{\"@type\":\"ListItem\",\"position\":3,\"name\":\"STORA BLOMMOR\"}]},{\"@type\":\"WebSite\",\"@id\":\"https:\\\/\\\/bigplantscience.com\\\/sv\\\/#website\",\"url\":\"https:\\\/\\\/bigplantscience.com\\\/sv\\\/\",\"name\":\"BIG PLANT SCIENCE\",\"description\":\"Big Plant Science\",\"publisher\":{\"@id\":\"https:\\\/\\\/bigplantscience.com\\\/sv\\\/#organization\"},\"potentialAction\":[{\"@type\":\"SearchAction\",\"target\":{\"@type\":\"EntryPoint\",\"urlTemplate\":\"https:\\\/\\\/bigplantscience.com\\\/sv\\\/?s={search_term_string}\"},\"query-input\":{\"@type\":\"PropertyValueSpecification\",\"valueRequired\":true,\"valueName\":\"search_term_string\"}}],\"inLanguage\":\"sv-SE\"},{\"@type\":\"Organization\",\"@id\":\"https:\\\/\\\/bigplantscience.com\\\/sv\\\/#organization\",\"name\":\"BIG PLANT SCIENCE\",\"url\":\"https:\\\/\\\/bigplantscience.com\\\/sv\\\/\",\"logo\":{\"@type\":\"ImageObject\",\"inLanguage\":\"sv-SE\",\"@id\":\"https:\\\/\\\/bigplantscience.com\\\/sv\\\/#\\\/schema\\\/logo\\\/image\\\/\",\"url\":\"https:\\\/\\\/bigplantscience.com\\\/wp-content\\\/uploads\\\/2024\\\/01\\\/cropped-Android-e1716379478247.png\",\"contentUrl\":\"https:\\\/\\\/bigplantscience.com\\\/wp-content\\\/uploads\\\/2024\\\/01\\\/cropped-Android-e1716379478247.png\",\"width\":100,\"height\":100,\"caption\":\"BIG PLANT SCIENCE\"},\"image\":{\"@id\":\"https:\\\/\\\/bigplantscience.com\\\/sv\\\/#\\\/schema\\\/logo\\\/image\\\/\"},\"sameAs\":[\"https:\\\/\\\/www.facebook.com\\\/BiGPlantScience\\\/\",\"https:\\\/\\\/growdiaries.com\\\/nutrients\\\/big-plant-science\",\"https:\\\/\\\/www.instagram.com\\\/bigplantscience\\\/\"]}]}<\/script>\n<!-- \/ Yoast SEO plugin. -->","yoast_head_json":{"title":"STORA BLOMMOR - BIG PLANT SCIENCE","description":"Ge dina blommor en boost med BIG FLOWERS! En kraftfull PK-booster med kolhydrater som g\u00f6r dina blommor st\u00f6rre och tuffare.","robots":{"index":"index","follow":"follow","max-snippet":"max-snippet:-1","max-image-preview":"max-image-preview:large","max-video-preview":"max-video-preview:-1"},"canonical":"https:\/\/bigplantscience.com\/sv\/product\/stora-blommor\/","og_locale":"sv_SE","og_type":"article","og_title":"STORA BLOMMOR - BIG PLANT SCIENCE","og_description":"Ge dina blommor en boost med BIG FLOWERS! En kraftfull PK-booster med kolhydrater som g\u00f6r dina blommor st\u00f6rre och tuffare.","og_url":"https:\/\/bigplantscience.com\/sv\/product\/stora-blommor\/","og_site_name":"BIG PLANT SCIENCE","article_publisher":"https:\/\/www.facebook.com\/BiGPlantScience\/","og_image":[{"width":600,"height":822,"url":"https:\/\/bigplantscience.com\/wp-content\/uploads\/2024\/08\/1L-BIG-Flowers-front-label-1.png","type":"image\/png"}],"twitter_card":"summary_large_image","twitter_misc":{"Ber\u00e4knad l\u00e4stid":"1 minut"},"schema":{"@context":"https:\/\/schema.org","@graph":[{"@type":"WebPage","@id":"https:\/\/bigplantscience.com\/sv\/product\/stora-blommor\/","url":"https:\/\/bigplantscience.com\/sv\/product\/stora-blommor\/","name":"STORA BLOMMOR - BIG PLANT SCIENCE","isPartOf":{"@id":"https:\/\/bigplantscience.com\/sv\/#website"},"datePublished":"2024-08-28T05:45:23+00:00","description":"Ge dina blommor en boost med BIG FLOWERS! En kraftfull PK-booster med kolhydrater som g\u00f6r dina blommor st\u00f6rre och tuffare.","breadcrumb":{"@id":"https:\/\/bigplantscience.com\/sv\/product\/stora-blommor\/#breadcrumb"},"inLanguage":"sv-SE","potentialAction":[{"@type":"ReadAction","target":["https:\/\/bigplantscience.com\/sv\/product\/stora-blommor\/"]}]},{"@type":"BreadcrumbList","@id":"https:\/\/bigplantscience.com\/sv\/product\/stora-blommor\/#breadcrumb","itemListElement":[{"@type":"ListItem","position":1,"name":"Home","item":"https:\/\/bigplantscience.com\/sv\/hemsida\/"},{"@type":"ListItem","position":2,"name":"Shop","item":"https:\/\/bigplantscience.com\/shop\/"},{"@type":"ListItem","position":3,"name":"STORA BLOMMOR"}]},{"@type":"WebSite","@id":"https:\/\/bigplantscience.com\/sv\/#website","url":"https:\/\/bigplantscience.com\/sv\/","name":"BIG PLANT SCIENCE","description":"Big Plant Science","publisher":{"@id":"https:\/\/bigplantscience.com\/sv\/#organization"},"potentialAction":[{"@type":"SearchAction","target":{"@type":"EntryPoint","urlTemplate":"https:\/\/bigplantscience.com\/sv\/?s={search_term_string}"},"query-input":{"@type":"PropertyValueSpecification","valueRequired":true,"valueName":"search_term_string"}}],"inLanguage":"sv-SE"},{"@type":"Organization","@id":"https:\/\/bigplantscience.com\/sv\/#organization","name":"BIG PLANT SCIENCE","url":"https:\/\/bigplantscience.com\/sv\/","logo":{"@type":"ImageObject","inLanguage":"sv-SE","@id":"https:\/\/bigplantscience.com\/sv\/#\/schema\/logo\/image\/","url":"https:\/\/bigplantscience.com\/wp-content\/uploads\/2024\/01\/cropped-Android-e1716379478247.png","contentUrl":"https:\/\/bigplantscience.com\/wp-content\/uploads\/2024\/01\/cropped-Android-e1716379478247.png","width":100,"height":100,"caption":"BIG PLANT SCIENCE"},"image":{"@id":"https:\/\/bigplantscience.com\/sv\/#\/schema\/logo\/image\/"},"sameAs":["https:\/\/www.facebook.com\/BiGPlantScience\/","https:\/\/growdiaries.com\/nutrients\/big-plant-science","https:\/\/www.instagram.com\/bigplantscience\/"]}]}},"_links":{"self":[{"href":"https:\/\/bigplantscience.com\/sv\/wp-json\/wp\/v2\/product\/3659","targetHints":{"allow":["GET"]}}],"collection":[{"href":"https:\/\/bigplantscience.com\/sv\/wp-json\/wp\/v2\/product"}],"about":[{"href":"https:\/\/bigplantscience.com\/sv\/wp-json\/wp\/v2\/types\/product"}],"replies":[{"embeddable":true,"href":"https:\/\/bigplantscience.com\/sv\/wp-json\/wp\/v2\/comments?post=3659"}],"wp:attachment":[{"href":"https:\/\/bigplantscience.com\/sv\/wp-json\/wp\/v2\/media?parent=3659"}],"wp:term":[{"taxonomy":"product_brand","embeddable":true,"href":"https:\/\/bigplantscience.com\/sv\/wp-json\/wp\/v2\/product_brand?post=3659"},{"taxonomy":"product_cat","embeddable":true,"href":"https:\/\/bigplantscience.com\/sv\/wp-json\/wp\/v2\/product_cat?post=3659"},{"taxonomy":"product_tag","embeddable":true,"href":"https:\/\/bigplantscience.com\/sv\/wp-json\/wp\/v2\/product_tag?post=3659"}],"curies":[{"name":"wp","href":"https:\/\/api.w.org\/{rel}","templated":true}]}}